{"id":17,"date":"2024-01-01T14:43:58","date_gmt":"2024-01-01T14:43:58","guid":{"rendered":"https:\/\/www.140x190.com\/?page_id=17"},"modified":"2026-02-13T17:58:03","modified_gmt":"2026-02-13T17:58:03","slug":"contact","status":"publish","type":"page","link":"https:\/\/www.couruu.com\/blog\/contact\/","title":{"rendered":"Contactez-nous"},"content":{"rendered":"\r\n<p>Vous avez besoin de :<\/p>\r\n<ul>\r\n<li><strong>ouvrir un compte<\/strong> et prendre contact pour le 1er rdv t\u00e9l\u00e9phonique<\/li>\r\n<li>r\u00e9server une d\u00e9mo avec l&rsquo;\u00e9quipe,<\/li>\r\n<li>Rejoindre le programme d&rsquo;affiliation<\/li>\r\n<li>d&rsquo;un conseil ou d&rsquo;aide<\/li>\r\n<li>ou juste nous envoyer des encouragements ?<\/li>\r\n<\/ul>\r\n<p>C&rsquo;est ici<\/p>\r\n<h2>Formulaire de contact<\/h2>\r\n<div id=\"vscf\" class=\"vscf-shortcode\"><form name=\"vscf_17\" id=\"vscf-form\" method=\"post\">\r\n\t<div class=\"form-group vscf-name-group\">\r\n\t\t<label for=\"vscf_name\" class=\"vscf-label\">Nom <\/label>\r\n\t\t<input type=\"text\" name=\"vscf_name_17\" id=\"vscf_name\"  class=\"form-control\" placeholder=\"\" value=\"\" minlength=\"2\" maxlength=\"100\" aria-required=\"true\" \/>\r\n\t\t\r\n\t<\/div>\r\n\t<div class=\"form-group vscf-email-group\">\r\n\t\t<label for=\"vscf_email\" class=\"vscf-label\">E-mail <\/label>\r\n\t\t<input type=\"email\" name=\"vscf_email_17\" id=\"vscf_email\"  class=\"form-control\" placeholder=\"\" value=\"\" maxlength=\"100\" aria-required=\"true\" \/>\r\n\t\t\r\n\t<\/div>\r\n\t\r\n\t\t<div class=\"form-group vscf-subject-group\">\r\n\t\t\t<label for=\"vscf_subject\" class=\"vscf-label\">Sujet <\/label>\r\n\t\t\t<input type=\"text\" name=\"vscf_subject_17\" id=\"vscf_subject\"  class=\"form-control\" placeholder=\"\" value=\"\" minlength=\"2\" maxlength=\"100\" aria-required=\"true\" \/>\r\n\t\t\t\r\n\t\t<\/div>\r\n\t\r\n\t\r\n\t\t<div class=\"form-group vscf-sum-group\">\r\n\t\t\t<label for=\"vscf_sum\" class=\"vscf-label\">3 + 3 =<\/label>\r\n\t\t\t<input type=\"text\" name=\"vscf_sum_17\" id=\"vscf_sum\"  class=\"form-control\" placeholder=\"\" value=\"\" pattern=\"[0-9]{1,2}\" maxlength=\"100\" aria-required=\"true\" \/>\r\n\t\t\t\r\n\t\t<\/div>\r\n\t\r\n\t<div class=\"form-group vscf-hide\">\r\n\t\t<label for=\"vscf_first_random\">Veuillez ignorer ce champ<\/label>\r\n\t\t<input type=\"text\" name=\"vscf_first_random_17\" id=\"vscf_first_random\" class=\"form-control\" tabindex=\"-1\" value=\"\" maxlength=\"100\" \/>\r\n\t<\/div>\r\n\t<div class=\"form-group vscf-hide\">\r\n\t\t<label for=\"vscf_second_random\">Veuillez ignorer ce champ<\/label>\r\n\t\t<input type=\"text\" name=\"vscf_second_random_17\" id=\"vscf_second_random\" class=\"form-control\" tabindex=\"-1\" value=\"\" maxlength=\"100\" \/>\r\n\t<\/div>\r\n\t<div class=\"form-group vscf-message-group\">\r\n\t\t<label for=\"vscf_message\" class=\"vscf-label\">Message <\/label>\r\n\t\t<textarea name=\"vscf_message_17\" id=\"vscf_message\" rows=\"10\"  class=\"form-control\" placeholder=\"\" minlength=\"10\" maxlength=\"10000\" aria-required=\"true\"><\/textarea>\r\n\t\t\r\n\t<\/div>\r\n\t<div class=\"form-group vscf-display-none\">\r\n\t\t<input type=\"hidden\" name=\"vscf_time_17\" id=\"vscf_time\" class=\"form-control\" value=\"1778860779\" \/>\r\n\t<\/div>\r\n\t\r\n\t\t<div class=\"form-group vscf-privacy-group\">\r\n\t\t\t<input type=\"hidden\" name=\"vscf_privacy_17\" id=\"vscf_privacy_hidden\" value=\"no\" \/>\r\n\t\t\t<input type=\"checkbox\" name=\"vscf_privacy_17\" id=\"vscf_privacy\" class=\"custom-control-input\" value=\"yes\"  aria-required=\"true\" \/>\r\n\t\t\t<label for=\"vscf_privacy\">J\u2019accepte que ce site web collecte mes donn\u00e9es personnelles via ce formulaire.<\/label>\r\n\t\t\t\r\n\t\t<\/div>\r\n\t\r\n\t<div class=\"form-group vscf-display-none\">\r\n\t\t<input type=\"hidden\" id=\"vscf_nonce\" name=\"vscf_nonce\" value=\"1ea65668bb\" \/><input type=\"hidden\" name=\"_wp_http_referer\" value=\"\/blog\/wp-json\/wp\/v2\/pages\/17\" \/>\r\n\t<\/div>\r\n\t<div class=\"form-group vscf-submit-group\">\r\n\t\t<button type=\"submit\" name=\"vscf_send_17\" id=\"vscf_send\" class=\"btn btn-primary\">Envoyer<\/button>\r\n\t<\/div>\r\n\t\r\n<\/form><\/div>\r\n","protected":false},"excerpt":{"rendered":"<p>Vous avez besoin de : ouvrir un compte et prendre contact pour le 1er rdv t\u00e9l\u00e9phonique r\u00e9server une d\u00e9mo avec l&rsquo;\u00e9quipe, Rejoindre le programme d&rsquo;affiliation d&rsquo;un conseil ou d&rsquo;aide ou juste nous envoyer des encouragements ? C&rsquo;est ici Formulaire de contact<\/p>\n","protected":false},"author":1,"featured_media":0,"parent":0,"menu_order":0,"comment_status":"closed","ping_status":"closed","template":"","meta":{"_kad_post_transparent":"default","_kad_post_title":"default","_kad_post_layout":"default","_kad_post_sidebar_id":"","_kad_post_content_style":"default","_kad_post_vertical_padding":"default","_kad_post_feature":"","_kad_post_feature_position":"","_kad_post_header":false,"_kad_post_footer":false,"_kad_post_classname":"","footnotes":""},"class_list":["post-17","page","type-page","status-publish","hentry"],"rttpg_featured_image_url":null,"rttpg_author":{"display_name":false,"author_link":"https:\/\/www.couruu.com\/blog\/author\/thalia\/"},"rttpg_comment":0,"rttpg_category":null,"rttpg_excerpt":"Vous avez besoin de : ouvrir un compte et prendre contact pour le 1er rdv t\u00e9l\u00e9phonique r\u00e9server une d\u00e9mo avec l&rsquo;\u00e9quipe, Rejoindre le programme d&rsquo;affiliation d&rsquo;un conseil ou d&rsquo;aide ou juste nous envoyer des encouragements ? C&rsquo;est ici Formulaire de contact","_links":{"self":[{"href":"https:\/\/www.couruu.com\/blog\/wp-json\/wp\/v2\/pages\/17","targetHints":{"allow":["GET"]}}],"collection":[{"href":"https:\/\/www.couruu.com\/blog\/wp-json\/wp\/v2\/pages"}],"about":[{"href":"https:\/\/www.couruu.com\/blog\/wp-json\/wp\/v2\/types\/page"}],"author":[{"embeddable":true,"href":"https:\/\/www.couruu.com\/blog\/wp-json\/wp\/v2\/users\/1"}],"replies":[{"embeddable":true,"href":"https:\/\/www.couruu.com\/blog\/wp-json\/wp\/v2\/comments?post=17"}],"version-history":[{"count":2,"href":"https:\/\/www.couruu.com\/blog\/wp-json\/wp\/v2\/pages\/17\/revisions"}],"predecessor-version":[{"id":22097,"href":"https:\/\/www.couruu.com\/blog\/wp-json\/wp\/v2\/pages\/17\/revisions\/22097"}],"wp:attachment":[{"href":"https:\/\/www.couruu.com\/blog\/wp-json\/wp\/v2\/media?parent=17"}],"curies":[{"name":"wp","href":"https:\/\/api.w.org\/{rel}","templated":true}]}}